{"id":1911,"date":"2017-11-28T14:50:54","date_gmt":"2017-11-28T13:50:54","guid":{"rendered":"https:\/\/www.polimetal.it\/chi-siamo\/"},"modified":"2018-09-18T17:35:18","modified_gmt":"2018-09-18T15:35:18","slug":"qui-sommes-nous","status":"publish","type":"page","link":"https:\/\/www.polimetal.it\/fr\/qui-sommes-nous\/","title":{"rendered":"QUI SOMMES-NOUS ?"},"content":{"rendered":"<h3>NOUS ASSURONS TOUJOURS LA FLEXIBILIT\u00c9 ET LE RESPECT DES D\u00c9LAIS DE LIVRAISON.<\/h3>\n<p>&nbsp;<\/p>\n<p>Nous effectuons des inspections pour la conception et\/ou l&rsquo;optimisation du vignoble \u00e0 la demande du client.<\/p>\n<p>Le personnel sp\u00e9cialis\u00e9 installe les syst\u00e8mes \u00e0 l&rsquo;aide d&rsquo;\u00e9quipements modernes, tels que le GPS.<\/p>\n<p>Nous r\u00e9alisons les travaux en minimisant l&rsquo;impact environnemental, car le vignoble est avant tout une partie du paysage.<\/p>\n","protected":false},"excerpt":{"rendered":"<p>NOUS ASSURONS TOUJOURS LA FLEXIBILIT\u00c9 ET LE RESPECT DES D\u00c9LAIS DE LIVRAISON. &nbsp; Nous effectuons des inspections pour la conception et\/ou l&rsquo;optimisation du vignoble \u00e0 la demande du client. Le [&hellip;]<\/p>\n","protected":false},"author":1,"featured_media":0,"parent":0,"menu_order":33,"comment_status":"closed","ping_status":"closed","template":"","meta":{"_acf_changed":false,"footnotes":""},"class_list":["post-1911","page","type-page","status-publish","hentry"],"acf":[],"yoast_head":"<!-- This site is optimized with the Yoast SEO plugin v26.9 - https:\/\/yoast.com\/product\/yoast-seo-wordpress\/ -->\n<title>Production de piquets pour vigne, piquets pour viticulture - Polimetal<\/title>\n<meta name=\"description\" content=\"Nous sommes l&#039;un des principaux fabricants et vendeurs de piquets pour la viticulture, de piquets de vigne et de piquets \u00e0 vis en acier, en fer et bien plus encore. Contactez-nous d\u00e8s maintenant!\" \/>\n<meta name=\"robots\" content=\"index, follow, max-snippet:-1, max-image-preview:large, max-video-preview:-1\" \/>\n<link rel=\"canonical\" href=\"https:\/\/www.polimetal.it\/fr\/wp-json\/wp\/v2\/pages\/1911\" \/>\n<meta property=\"og:locale\" content=\"fr_FR\" \/>\n<meta property=\"og:type\" content=\"article\" \/>\n<meta property=\"og:title\" content=\"Production de piquets pour vigne, piquets pour viticulture - Polimetal\" \/>\n<meta property=\"og:description\" content=\"Nous sommes l&#039;un des principaux fabricants et vendeurs de piquets pour la viticulture, de piquets de vigne et de piquets \u00e0 vis en acier, en fer et bien plus encore. Contactez-nous d\u00e8s maintenant!\" \/>\n<meta property=\"og:url\" content=\"https:\/\/www.polimetal.it\/chi-siamo\/\" \/>\n<meta property=\"og:site_name\" content=\"Polimetal\" \/>\n<meta property=\"article:modified_time\" content=\"2018-09-18T15:35:18+00:00\" \/>\n<meta name=\"twitter:card\" content=\"summary_large_image\" \/>\n<script type=\"application\/ld+json\" class=\"yoast-schema-graph\">{\"@context\":\"https:\/\/schema.org\",\"@graph\":[{\"@type\":\"WebPage\",\"@id\":\"https:\/\/www.polimetal.it\/chi-siamo\/\",\"url\":\"https:\/\/www.polimetal.it\/chi-siamo\/\",\"name\":\"Production de piquets pour vigne, piquets pour viticulture - Polimetal\",\"isPartOf\":{\"@id\":\"https:\/\/www.polimetal.it\/#website\"},\"datePublished\":\"2017-11-28T13:50:54+00:00\",\"dateModified\":\"2018-09-18T15:35:18+00:00\",\"description\":\"Nous sommes l'un des principaux fabricants et vendeurs de piquets pour la viticulture, de piquets de vigne et de piquets \u00e0 vis en acier, en fer et bien plus encore. Contactez-nous d\u00e8s maintenant!\",\"breadcrumb\":{\"@id\":\"https:\/\/www.polimetal.it\/chi-siamo\/#breadcrumb\"},\"inLanguage\":\"fr-FR\",\"potentialAction\":[{\"@type\":\"ReadAction\",\"target\":[\"https:\/\/www.polimetal.it\/chi-siamo\/\"]}]},{\"@type\":\"BreadcrumbList\",\"@id\":\"https:\/\/www.polimetal.it\/chi-siamo\/#breadcrumb\",\"itemListElement\":[{\"@type\":\"ListItem\",\"position\":1,\"name\":\"Home\",\"item\":\"https:\/\/www.polimetal.it\/\"},{\"@type\":\"ListItem\",\"position\":2,\"name\":\"QUI SOMMES-NOUS ?\"}]},{\"@type\":\"WebSite\",\"@id\":\"https:\/\/www.polimetal.it\/#website\",\"url\":\"https:\/\/www.polimetal.it\/\",\"name\":\"Polimetal\",\"description\":\"pali per vigneto e accessori per vigneto\",\"potentialAction\":[{\"@type\":\"SearchAction\",\"target\":{\"@type\":\"EntryPoint\",\"urlTemplate\":\"https:\/\/www.polimetal.it\/?s={search_term_string}\"},\"query-input\":{\"@type\":\"PropertyValueSpecification\",\"valueRequired\":true,\"valueName\":\"search_term_string\"}}],\"inLanguage\":\"fr-FR\"}]}<\/script>\n<!-- \/ Yoast SEO plugin. -->","yoast_head_json":{"title":"Production de piquets pour vigne, piquets pour viticulture - Polimetal","description":"Nous sommes l'un des principaux fabricants et vendeurs de piquets pour la viticulture, de piquets de vigne et de piquets \u00e0 vis en acier, en fer et bien plus encore. Contactez-nous d\u00e8s maintenant!","robots":{"index":"index","follow":"follow","max-snippet":"max-snippet:-1","max-image-preview":"max-image-preview:large","max-video-preview":"max-video-preview:-1"},"canonical":"https:\/\/www.polimetal.it\/fr\/wp-json\/wp\/v2\/pages\/1911","og_locale":"fr_FR","og_type":"article","og_title":"Production de piquets pour vigne, piquets pour viticulture - Polimetal","og_description":"Nous sommes l'un des principaux fabricants et vendeurs de piquets pour la viticulture, de piquets de vigne et de piquets \u00e0 vis en acier, en fer et bien plus encore. Contactez-nous d\u00e8s maintenant!","og_url":"https:\/\/www.polimetal.it\/chi-siamo\/","og_site_name":"Polimetal","article_modified_time":"2018-09-18T15:35:18+00:00","twitter_card":"summary_large_image","schema":{"@context":"https:\/\/schema.org","@graph":[{"@type":"WebPage","@id":"https:\/\/www.polimetal.it\/chi-siamo\/","url":"https:\/\/www.polimetal.it\/chi-siamo\/","name":"Production de piquets pour vigne, piquets pour viticulture - Polimetal","isPartOf":{"@id":"https:\/\/www.polimetal.it\/#website"},"datePublished":"2017-11-28T13:50:54+00:00","dateModified":"2018-09-18T15:35:18+00:00","description":"Nous sommes l'un des principaux fabricants et vendeurs de piquets pour la viticulture, de piquets de vigne et de piquets \u00e0 vis en acier, en fer et bien plus encore. Contactez-nous d\u00e8s maintenant!","breadcrumb":{"@id":"https:\/\/www.polimetal.it\/chi-siamo\/#breadcrumb"},"inLanguage":"fr-FR","potentialAction":[{"@type":"ReadAction","target":["https:\/\/www.polimetal.it\/chi-siamo\/"]}]},{"@type":"BreadcrumbList","@id":"https:\/\/www.polimetal.it\/chi-siamo\/#breadcrumb","itemListElement":[{"@type":"ListItem","position":1,"name":"Home","item":"https:\/\/www.polimetal.it\/"},{"@type":"ListItem","position":2,"name":"QUI SOMMES-NOUS ?"}]},{"@type":"WebSite","@id":"https:\/\/www.polimetal.it\/#website","url":"https:\/\/www.polimetal.it\/","name":"Polimetal","description":"pali per vigneto e accessori per vigneto","potentialAction":[{"@type":"SearchAction","target":{"@type":"EntryPoint","urlTemplate":"https:\/\/www.polimetal.it\/?s={search_term_string}"},"query-input":{"@type":"PropertyValueSpecification","valueRequired":true,"valueName":"search_term_string"}}],"inLanguage":"fr-FR"}]}},"_links":{"self":[{"href":"https:\/\/www.polimetal.it\/fr\/wp-json\/wp\/v2\/pages\/1911","targetHints":{"allow":["GET"]}}],"collection":[{"href":"https:\/\/www.polimetal.it\/fr\/wp-json\/wp\/v2\/pages"}],"about":[{"href":"https:\/\/www.polimetal.it\/fr\/wp-json\/wp\/v2\/types\/page"}],"author":[{"embeddable":true,"href":"https:\/\/www.polimetal.it\/fr\/wp-json\/wp\/v2\/users\/1"}],"replies":[{"embeddable":true,"href":"https:\/\/www.polimetal.it\/fr\/wp-json\/wp\/v2\/comments?post=1911"}],"version-history":[{"count":3,"href":"https:\/\/www.polimetal.it\/fr\/wp-json\/wp\/v2\/pages\/1911\/revisions"}],"predecessor-version":[{"id":2319,"href":"https:\/\/www.polimetal.it\/fr\/wp-json\/wp\/v2\/pages\/1911\/revisions\/2319"}],"wp:attachment":[{"href":"https:\/\/www.polimetal.it\/fr\/wp-json\/wp\/v2\/media?parent=1911"}],"curies":[{"name":"wp","href":"https:\/\/api.w.org\/{rel}","templated":true}]}}