{"id":1906,"date":"2017-11-13T10:08:51","date_gmt":"2017-11-13T09:08:51","guid":{"rendered":"https:\/\/www.polimetal.it\/sei-un-professionista\/"},"modified":"2018-09-18T17:29:02","modified_gmt":"2018-09-18T15:29:02","slug":"vous-etes-un-professionnel","status":"publish","type":"page","link":"https:\/\/www.polimetal.it\/fr\/vous-etes-un-professionnel\/","title":{"rendered":"VOUS \u00caTES UN PROFESSIONNEL?"},"content":{"rendered":"<h3>Service d\u00e9di\u00e9 et personnalis\u00e9<\/h3>\n<p>Si vous \u00eates un professionnel, partagez avec nous votre passion pour la viticulture et n&rsquo;exigez que le meilleur pour vos produits. Le choix des mat\u00e9riaux, en effet, est fondamental et fait la diff\u00e9rence entre un syst\u00e8me de qualit\u00e9 et un investissement de peu de valeur, car les facteurs \u00e0 prendre en compte sont nombreux et la r\u00e9sistance est d\u00e9finitivement en t\u00eate\u00a0!<\/p>\n<h4>QUE SIGNIFIE AVOIR UN SYST\u00c8ME DE QUALIT\u00c9\u00a0?<\/h4>\n<p>La qualit\u00e9 signifie l&rsquo;achat de produits viticoles certifi\u00e9s et d&rsquo;accessoires con\u00e7us par une \u00e9quipe sp\u00e9cialis\u00e9e, afin de s&rsquo;assurer que le cours du temps influence le moins possible l&rsquo;installation dans la dur\u00e9e. Le stress, le temps, la chaleur, le froid, l&rsquo;humidit\u00e9 et bien d&rsquo;autres facteurs peuvent mettre un vignoble \u00e0 l&rsquo;\u00e9preuve et doivent donc \u00eatre anticip\u00e9s d\u00e8s la phase de conception.<\/p>\n","protected":false},"excerpt":{"rendered":"<p>Service d\u00e9di\u00e9 et personnalis\u00e9 Si vous \u00eates un professionnel, partagez avec nous votre passion pour la viticulture et n&rsquo;exigez que le meilleur pour vos produits. Le choix des mat\u00e9riaux, en [&hellip;]<\/p>\n","protected":false},"author":1,"featured_media":1223,"parent":0,"menu_order":85,"comment_status":"closed","ping_status":"closed","template":"","meta":{"_acf_changed":false,"footnotes":""},"class_list":["post-1906","page","type-page","status-publish","has-post-thumbnail","hentry"],"acf":[],"yoast_head":"<!-- This site is optimized with the Yoast SEO plugin v26.9 - https:\/\/yoast.com\/product\/yoast-seo-wordpress\/ -->\n<title>Piquets en acier inox pour les vignobles, solutions personnalis\u00e9es - Polimetal<\/title>\n<meta name=\"description\" content=\"Polimetal effectue des inspections de site pour la conception et\/ou l&#039;optimisation du vignoble, en offrant des piquets pour les vignobles, de t\u00eate ou interm\u00e9diaires, des tuteurs pour les vignes afin de r\u00e9pondre pleinement aux besoins du client.\" \/>\n<meta name=\"robots\" content=\"index, follow, max-snippet:-1, max-image-preview:large, max-video-preview:-1\" \/>\n<link rel=\"canonical\" href=\"https:\/\/www.polimetal.it\/fr\/wp-json\/wp\/v2\/pages\/1906\" \/>\n<meta property=\"og:locale\" content=\"fr_FR\" \/>\n<meta property=\"og:type\" content=\"article\" \/>\n<meta property=\"og:title\" content=\"Piquets en acier inox pour les vignobles, solutions personnalis\u00e9es - Polimetal\" \/>\n<meta property=\"og:description\" content=\"Polimetal effectue des inspections de site pour la conception et\/ou l&#039;optimisation du vignoble, en offrant des piquets pour les vignobles, de t\u00eate ou interm\u00e9diaires, des tuteurs pour les vignes afin de r\u00e9pondre pleinement aux besoins du client.\" \/>\n<meta property=\"og:url\" content=\"https:\/\/www.polimetal.it\/sei-un-professionista\/\" \/>\n<meta property=\"og:site_name\" content=\"Polimetal\" \/>\n<meta property=\"article:modified_time\" content=\"2018-09-18T15:29:02+00:00\" \/>\n<meta property=\"og:image\" content=\"https:\/\/www.polimetal.it\/wp-content\/uploads\/2017\/11\/professionisti.png\" \/>\n\t<meta property=\"og:image:width\" content=\"550\" \/>\n\t<meta property=\"og:image:height\" content=\"330\" \/>\n\t<meta property=\"og:image:type\" content=\"image\/png\" \/>\n<meta name=\"twitter:card\" content=\"summary_large_image\" \/>\n<meta name=\"twitter:label1\" content=\"Dur\u00e9e de lecture estim\u00e9e\" \/>\n\t<meta name=\"twitter:data1\" content=\"1 minute\" \/>\n<script type=\"application\/ld+json\" class=\"yoast-schema-graph\">{\"@context\":\"https:\/\/schema.org\",\"@graph\":[{\"@type\":\"WebPage\",\"@id\":\"https:\/\/www.polimetal.it\/sei-un-professionista\/\",\"url\":\"https:\/\/www.polimetal.it\/sei-un-professionista\/\",\"name\":\"Piquets en acier inox pour les vignobles, solutions personnalis\u00e9es - Polimetal\",\"isPartOf\":{\"@id\":\"https:\/\/www.polimetal.it\/#website\"},\"primaryImageOfPage\":{\"@id\":\"https:\/\/www.polimetal.it\/sei-un-professionista\/#primaryimage\"},\"image\":{\"@id\":\"https:\/\/www.polimetal.it\/sei-un-professionista\/#primaryimage\"},\"thumbnailUrl\":\"https:\/\/www.polimetal.it\/wp-content\/uploads\/2017\/11\/professionisti.png\",\"datePublished\":\"2017-11-13T09:08:51+00:00\",\"dateModified\":\"2018-09-18T15:29:02+00:00\",\"description\":\"Polimetal effectue des inspections de site pour la conception et\/ou l'optimisation du vignoble, en offrant des piquets pour les vignobles, de t\u00eate ou interm\u00e9diaires, des tuteurs pour les vignes afin de r\u00e9pondre pleinement aux besoins du client.\",\"breadcrumb\":{\"@id\":\"https:\/\/www.polimetal.it\/sei-un-professionista\/#breadcrumb\"},\"inLanguage\":\"fr-FR\",\"potentialAction\":[{\"@type\":\"ReadAction\",\"target\":[\"https:\/\/www.polimetal.it\/sei-un-professionista\/\"]}]},{\"@type\":\"ImageObject\",\"inLanguage\":\"fr-FR\",\"@id\":\"https:\/\/www.polimetal.it\/sei-un-professionista\/#primaryimage\",\"url\":\"https:\/\/www.polimetal.it\/wp-content\/uploads\/2017\/11\/professionisti.png\",\"contentUrl\":\"https:\/\/www.polimetal.it\/wp-content\/uploads\/2017\/11\/professionisti.png\",\"width\":550,\"height\":330},{\"@type\":\"BreadcrumbList\",\"@id\":\"https:\/\/www.polimetal.it\/sei-un-professionista\/#breadcrumb\",\"itemListElement\":[{\"@type\":\"ListItem\",\"position\":1,\"name\":\"Home\",\"item\":\"https:\/\/www.polimetal.it\/\"},{\"@type\":\"ListItem\",\"position\":2,\"name\":\"VOUS \u00caTES UN PROFESSIONNEL?\"}]},{\"@type\":\"WebSite\",\"@id\":\"https:\/\/www.polimetal.it\/#website\",\"url\":\"https:\/\/www.polimetal.it\/\",\"name\":\"Polimetal\",\"description\":\"pali per vigneto e accessori per vigneto\",\"potentialAction\":[{\"@type\":\"SearchAction\",\"target\":{\"@type\":\"EntryPoint\",\"urlTemplate\":\"https:\/\/www.polimetal.it\/?s={search_term_string}\"},\"query-input\":{\"@type\":\"PropertyValueSpecification\",\"valueRequired\":true,\"valueName\":\"search_term_string\"}}],\"inLanguage\":\"fr-FR\"}]}<\/script>\n<!-- \/ Yoast SEO plugin. -->","yoast_head_json":{"title":"Piquets en acier inox pour les vignobles, solutions personnalis\u00e9es - Polimetal","description":"Polimetal effectue des inspections de site pour la conception et\/ou l'optimisation du vignoble, en offrant des piquets pour les vignobles, de t\u00eate ou interm\u00e9diaires, des tuteurs pour les vignes afin de r\u00e9pondre pleinement aux besoins du client.","robots":{"index":"index","follow":"follow","max-snippet":"max-snippet:-1","max-image-preview":"max-image-preview:large","max-video-preview":"max-video-preview:-1"},"canonical":"https:\/\/www.polimetal.it\/fr\/wp-json\/wp\/v2\/pages\/1906","og_locale":"fr_FR","og_type":"article","og_title":"Piquets en acier inox pour les vignobles, solutions personnalis\u00e9es - Polimetal","og_description":"Polimetal effectue des inspections de site pour la conception et\/ou l'optimisation du vignoble, en offrant des piquets pour les vignobles, de t\u00eate ou interm\u00e9diaires, des tuteurs pour les vignes afin de r\u00e9pondre pleinement aux besoins du client.","og_url":"https:\/\/www.polimetal.it\/sei-un-professionista\/","og_site_name":"Polimetal","article_modified_time":"2018-09-18T15:29:02+00:00","og_image":[{"width":550,"height":330,"url":"https:\/\/www.polimetal.it\/wp-content\/uploads\/2017\/11\/professionisti.png","type":"image\/png"}],"twitter_card":"summary_large_image","twitter_misc":{"Dur\u00e9e de lecture estim\u00e9e":"1 minute"},"schema":{"@context":"https:\/\/schema.org","@graph":[{"@type":"WebPage","@id":"https:\/\/www.polimetal.it\/sei-un-professionista\/","url":"https:\/\/www.polimetal.it\/sei-un-professionista\/","name":"Piquets en acier inox pour les vignobles, solutions personnalis\u00e9es - Polimetal","isPartOf":{"@id":"https:\/\/www.polimetal.it\/#website"},"primaryImageOfPage":{"@id":"https:\/\/www.polimetal.it\/sei-un-professionista\/#primaryimage"},"image":{"@id":"https:\/\/www.polimetal.it\/sei-un-professionista\/#primaryimage"},"thumbnailUrl":"https:\/\/www.polimetal.it\/wp-content\/uploads\/2017\/11\/professionisti.png","datePublished":"2017-11-13T09:08:51+00:00","dateModified":"2018-09-18T15:29:02+00:00","description":"Polimetal effectue des inspections de site pour la conception et\/ou l'optimisation du vignoble, en offrant des piquets pour les vignobles, de t\u00eate ou interm\u00e9diaires, des tuteurs pour les vignes afin de r\u00e9pondre pleinement aux besoins du client.","breadcrumb":{"@id":"https:\/\/www.polimetal.it\/sei-un-professionista\/#breadcrumb"},"inLanguage":"fr-FR","potentialAction":[{"@type":"ReadAction","target":["https:\/\/www.polimetal.it\/sei-un-professionista\/"]}]},{"@type":"ImageObject","inLanguage":"fr-FR","@id":"https:\/\/www.polimetal.it\/sei-un-professionista\/#primaryimage","url":"https:\/\/www.polimetal.it\/wp-content\/uploads\/2017\/11\/professionisti.png","contentUrl":"https:\/\/www.polimetal.it\/wp-content\/uploads\/2017\/11\/professionisti.png","width":550,"height":330},{"@type":"BreadcrumbList","@id":"https:\/\/www.polimetal.it\/sei-un-professionista\/#breadcrumb","itemListElement":[{"@type":"ListItem","position":1,"name":"Home","item":"https:\/\/www.polimetal.it\/"},{"@type":"ListItem","position":2,"name":"VOUS \u00caTES UN PROFESSIONNEL?"}]},{"@type":"WebSite","@id":"https:\/\/www.polimetal.it\/#website","url":"https:\/\/www.polimetal.it\/","name":"Polimetal","description":"pali per vigneto e accessori per vigneto","potentialAction":[{"@type":"SearchAction","target":{"@type":"EntryPoint","urlTemplate":"https:\/\/www.polimetal.it\/?s={search_term_string}"},"query-input":{"@type":"PropertyValueSpecification","valueRequired":true,"valueName":"search_term_string"}}],"inLanguage":"fr-FR"}]}},"_links":{"self":[{"href":"https:\/\/www.polimetal.it\/fr\/wp-json\/wp\/v2\/pages\/1906","targetHints":{"allow":["GET"]}}],"collection":[{"href":"https:\/\/www.polimetal.it\/fr\/wp-json\/wp\/v2\/pages"}],"about":[{"href":"https:\/\/www.polimetal.it\/fr\/wp-json\/wp\/v2\/types\/page"}],"author":[{"embeddable":true,"href":"https:\/\/www.polimetal.it\/fr\/wp-json\/wp\/v2\/users\/1"}],"replies":[{"embeddable":true,"href":"https:\/\/www.polimetal.it\/fr\/wp-json\/wp\/v2\/comments?post=1906"}],"version-history":[{"count":5,"href":"https:\/\/www.polimetal.it\/fr\/wp-json\/wp\/v2\/pages\/1906\/revisions"}],"predecessor-version":[{"id":2318,"href":"https:\/\/www.polimetal.it\/fr\/wp-json\/wp\/v2\/pages\/1906\/revisions\/2318"}],"wp:featuredmedia":[{"embeddable":true,"href":"https:\/\/www.polimetal.it\/fr\/wp-json\/wp\/v2\/media\/1223"}],"wp:attachment":[{"href":"https:\/\/www.polimetal.it\/fr\/wp-json\/wp\/v2\/media?parent=1906"}],"curies":[{"name":"wp","href":"https:\/\/api.w.org\/{rel}","templated":true}]}}