{"id":1898,"date":"2017-11-13T10:07:50","date_gmt":"2017-11-13T09:07:50","guid":{"rendered":"https:\/\/www.polimetal.it\/benefici\/"},"modified":"2021-06-10T17:07:49","modified_gmt":"2021-06-10T15:07:49","slug":"avantages","status":"publish","type":"page","link":"https:\/\/www.polimetal.it\/fr\/avantages\/","title":{"rendered":"AVANTAGES"},"content":{"rendered":"<h4>LORS DE L&rsquo;\u00c9LABORATION D&rsquo;UN VIGNOBLE, IL EST IMPORTANT DE PRENDRE EN COMPTE TOUS LES FACTEURS QUI VONT L&rsquo;AFFECTER DANS LA DUR\u00c9E, CAR IL S&rsquo;AGIT D&rsquo;UNE ACTIVIT\u00c9 \u00c0 LONG TERME QUI IMPLIQUE DES CONNAISSANCES TECHNIQUES SP\u00c9CIFIQUES.<\/h4>\n<p>Le premier crit\u00e8re \u00e0 prendre en consid\u00e9ration est certainement le <strong>mat\u00e9riau des piquets et sa capacit\u00e9 \u00e0 r\u00e9sister aux contraintes auxquelles<\/strong> il pourrait \u00eatre soumis pendant sa vie. Le vent, les temp\u00eates et la charge de production sont quelques-uns des facteurs qui influencent la dur\u00e9e d&rsquo;un vignoble, auxquels les caract\u00e9ristiques sp\u00e9cifiques de la plante doivent \u00eatre li\u00e9es, tout d&rsquo;abord la hauteur, la distance entre les piquets, la longueur des rangs et la possibilit\u00e9, pour les couronnes, de fluctuer plus ou moins librement.<\/p>\n","protected":false},"excerpt":{"rendered":"<p>LORS DE L&rsquo;\u00c9LABORATION D&rsquo;UN VIGNOBLE, IL EST IMPORTANT DE PRENDRE EN COMPTE TOUS LES FACTEURS QUI VONT L&rsquo;AFFECTER DANS LA DUR\u00c9E, CAR IL S&rsquo;AGIT D&rsquo;UNE ACTIVIT\u00c9 \u00c0 LONG TERME QUI [&hellip;]<\/p>\n","protected":false},"author":1,"featured_media":0,"parent":0,"menu_order":55,"comment_status":"closed","ping_status":"closed","template":"","meta":{"_acf_changed":false,"footnotes":""},"class_list":["post-1898","page","type-page","status-publish","hentry"],"acf":[],"yoast_head":"<!-- This site is optimized with the Yoast SEO plugin v26.9 - https:\/\/yoast.com\/product\/yoast-seo-wordpress\/ -->\n<title>Production de piquets de vigne: les avantages du syst\u00e8me Polimetal<\/title>\n<meta name=\"description\" content=\"L&#039;utilisation de piquets de qualit\u00e9 et d&#039;accessoires appropri\u00e9s am\u00e9liore le rendement et la durabilit\u00e9 du vignoble. D\u00e9couvrez les avantages du syst\u00e8me Polimetal!\" \/>\n<meta name=\"robots\" content=\"index, follow, max-snippet:-1, max-image-preview:large, max-video-preview:-1\" \/>\n<link rel=\"canonical\" href=\"https:\/\/www.polimetal.it\/fr\/wp-json\/wp\/v2\/pages\/1898\" \/>\n<meta property=\"og:locale\" content=\"fr_FR\" \/>\n<meta property=\"og:type\" content=\"article\" \/>\n<meta property=\"og:title\" content=\"Production de piquets de vigne: les avantages du syst\u00e8me Polimetal\" \/>\n<meta property=\"og:description\" content=\"L&#039;utilisation de piquets de qualit\u00e9 et d&#039;accessoires appropri\u00e9s am\u00e9liore le rendement et la durabilit\u00e9 du vignoble. D\u00e9couvrez les avantages du syst\u00e8me Polimetal!\" \/>\n<meta property=\"og:url\" content=\"https:\/\/www.polimetal.it\/benefici\/\" \/>\n<meta property=\"og:site_name\" content=\"Polimetal\" \/>\n<meta property=\"article:modified_time\" content=\"2021-06-10T15:07:49+00:00\" \/>\n<meta name=\"twitter:card\" content=\"summary_large_image\" \/>\n<meta name=\"twitter:label1\" content=\"Dur\u00e9e de lecture estim\u00e9e\" \/>\n\t<meta name=\"twitter:data1\" content=\"1 minute\" \/>\n<script type=\"application\/ld+json\" class=\"yoast-schema-graph\">{\"@context\":\"https:\/\/schema.org\",\"@graph\":[{\"@type\":\"WebPage\",\"@id\":\"https:\/\/www.polimetal.it\/benefici\/\",\"url\":\"https:\/\/www.polimetal.it\/benefici\/\",\"name\":\"Production de piquets de vigne: les avantages du syst\u00e8me Polimetal\",\"isPartOf\":{\"@id\":\"https:\/\/www.polimetal.it\/#website\"},\"datePublished\":\"2017-11-13T09:07:50+00:00\",\"dateModified\":\"2021-06-10T15:07:49+00:00\",\"description\":\"L'utilisation de piquets de qualit\u00e9 et d'accessoires appropri\u00e9s am\u00e9liore le rendement et la durabilit\u00e9 du vignoble. D\u00e9couvrez les avantages du syst\u00e8me Polimetal!\",\"breadcrumb\":{\"@id\":\"https:\/\/www.polimetal.it\/benefici\/#breadcrumb\"},\"inLanguage\":\"fr-FR\",\"potentialAction\":[{\"@type\":\"ReadAction\",\"target\":[\"https:\/\/www.polimetal.it\/benefici\/\"]}]},{\"@type\":\"BreadcrumbList\",\"@id\":\"https:\/\/www.polimetal.it\/benefici\/#breadcrumb\",\"itemListElement\":[{\"@type\":\"ListItem\",\"position\":1,\"name\":\"Home\",\"item\":\"https:\/\/www.polimetal.it\/\"},{\"@type\":\"ListItem\",\"position\":2,\"name\":\"AVANTAGES\"}]},{\"@type\":\"WebSite\",\"@id\":\"https:\/\/www.polimetal.it\/#website\",\"url\":\"https:\/\/www.polimetal.it\/\",\"name\":\"Polimetal\",\"description\":\"pali per vigneto e accessori per vigneto\",\"potentialAction\":[{\"@type\":\"SearchAction\",\"target\":{\"@type\":\"EntryPoint\",\"urlTemplate\":\"https:\/\/www.polimetal.it\/?s={search_term_string}\"},\"query-input\":{\"@type\":\"PropertyValueSpecification\",\"valueRequired\":true,\"valueName\":\"search_term_string\"}}],\"inLanguage\":\"fr-FR\"}]}<\/script>\n<!-- \/ Yoast SEO plugin. -->","yoast_head_json":{"title":"Production de piquets de vigne: les avantages du syst\u00e8me Polimetal","description":"L'utilisation de piquets de qualit\u00e9 et d'accessoires appropri\u00e9s am\u00e9liore le rendement et la durabilit\u00e9 du vignoble. D\u00e9couvrez les avantages du syst\u00e8me Polimetal!","robots":{"index":"index","follow":"follow","max-snippet":"max-snippet:-1","max-image-preview":"max-image-preview:large","max-video-preview":"max-video-preview:-1"},"canonical":"https:\/\/www.polimetal.it\/fr\/wp-json\/wp\/v2\/pages\/1898","og_locale":"fr_FR","og_type":"article","og_title":"Production de piquets de vigne: les avantages du syst\u00e8me Polimetal","og_description":"L'utilisation de piquets de qualit\u00e9 et d'accessoires appropri\u00e9s am\u00e9liore le rendement et la durabilit\u00e9 du vignoble. D\u00e9couvrez les avantages du syst\u00e8me Polimetal!","og_url":"https:\/\/www.polimetal.it\/benefici\/","og_site_name":"Polimetal","article_modified_time":"2021-06-10T15:07:49+00:00","twitter_card":"summary_large_image","twitter_misc":{"Dur\u00e9e de lecture estim\u00e9e":"1 minute"},"schema":{"@context":"https:\/\/schema.org","@graph":[{"@type":"WebPage","@id":"https:\/\/www.polimetal.it\/benefici\/","url":"https:\/\/www.polimetal.it\/benefici\/","name":"Production de piquets de vigne: les avantages du syst\u00e8me Polimetal","isPartOf":{"@id":"https:\/\/www.polimetal.it\/#website"},"datePublished":"2017-11-13T09:07:50+00:00","dateModified":"2021-06-10T15:07:49+00:00","description":"L'utilisation de piquets de qualit\u00e9 et d'accessoires appropri\u00e9s am\u00e9liore le rendement et la durabilit\u00e9 du vignoble. D\u00e9couvrez les avantages du syst\u00e8me Polimetal!","breadcrumb":{"@id":"https:\/\/www.polimetal.it\/benefici\/#breadcrumb"},"inLanguage":"fr-FR","potentialAction":[{"@type":"ReadAction","target":["https:\/\/www.polimetal.it\/benefici\/"]}]},{"@type":"BreadcrumbList","@id":"https:\/\/www.polimetal.it\/benefici\/#breadcrumb","itemListElement":[{"@type":"ListItem","position":1,"name":"Home","item":"https:\/\/www.polimetal.it\/"},{"@type":"ListItem","position":2,"name":"AVANTAGES"}]},{"@type":"WebSite","@id":"https:\/\/www.polimetal.it\/#website","url":"https:\/\/www.polimetal.it\/","name":"Polimetal","description":"pali per vigneto e accessori per vigneto","potentialAction":[{"@type":"SearchAction","target":{"@type":"EntryPoint","urlTemplate":"https:\/\/www.polimetal.it\/?s={search_term_string}"},"query-input":{"@type":"PropertyValueSpecification","valueRequired":true,"valueName":"search_term_string"}}],"inLanguage":"fr-FR"}]}},"_links":{"self":[{"href":"https:\/\/www.polimetal.it\/fr\/wp-json\/wp\/v2\/pages\/1898","targetHints":{"allow":["GET"]}}],"collection":[{"href":"https:\/\/www.polimetal.it\/fr\/wp-json\/wp\/v2\/pages"}],"about":[{"href":"https:\/\/www.polimetal.it\/fr\/wp-json\/wp\/v2\/types\/page"}],"author":[{"embeddable":true,"href":"https:\/\/www.polimetal.it\/fr\/wp-json\/wp\/v2\/users\/1"}],"replies":[{"embeddable":true,"href":"https:\/\/www.polimetal.it\/fr\/wp-json\/wp\/v2\/comments?post=1898"}],"version-history":[{"count":5,"href":"https:\/\/www.polimetal.it\/fr\/wp-json\/wp\/v2\/pages\/1898\/revisions"}],"predecessor-version":[{"id":4159,"href":"https:\/\/www.polimetal.it\/fr\/wp-json\/wp\/v2\/pages\/1898\/revisions\/4159"}],"wp:attachment":[{"href":"https:\/\/www.polimetal.it\/fr\/wp-json\/wp\/v2\/media?parent=1898"}],"curies":[{"name":"wp","href":"https:\/\/api.w.org\/{rel}","templated":true}]}}