{"id":1894,"date":"2017-11-13T10:07:25","date_gmt":"2017-11-13T09:07:25","guid":{"rendered":"https:\/\/www.polimetal.it\/gamma-completa\/"},"modified":"2018-09-18T17:03:24","modified_gmt":"2018-09-18T15:03:24","slug":"gamme-complete","status":"publish","type":"page","link":"https:\/\/www.polimetal.it\/fr\/gamme-complete\/","title":{"rendered":"GAMME COMPL\u00c8TE"},"content":{"rendered":"<p>Un mat\u00e9riau peut \u00eatre consid\u00e9r\u00e9 de qualit\u00e9 lorsqu&rsquo;il maintient ses caract\u00e9ristiques aussi inchang\u00e9es que possible dans le temps, malgr\u00e9 l&rsquo;air, la lumi\u00e8re, l&rsquo;humidit\u00e9, les variations de temp\u00e9rature, les actions corrosives de certains traitements et l&rsquo;attaque d&rsquo;organismes fongiques.<\/p>\n<p>De plus, un autre facteur d\u00e9terminant sa qualit\u00e9 est le risque qu&rsquo;il comporte pour les op\u00e9rateurs travaillant dans le vignoble, au cours des op\u00e9rations de routine\u00a0ou pour l&rsquo;entretien.<\/p>\n<p>Pour toutes ces raisons, on peut dire qu&rsquo;il n&rsquo;existe pas de solution unique, nos conseils sont essentiels pour aider chaque client \u00e0 acheter de la mani\u00e8re la plus correcte en fonction de ses besoins.<\/p>\n","protected":false},"excerpt":{"rendered":"<p>Un mat\u00e9riau peut \u00eatre consid\u00e9r\u00e9 de qualit\u00e9 lorsqu&rsquo;il maintient ses caract\u00e9ristiques aussi inchang\u00e9es que possible dans le temps, malgr\u00e9 l&rsquo;air, la lumi\u00e8re, l&rsquo;humidit\u00e9, les variations de temp\u00e9rature, les actions corrosives [&hellip;]<\/p>\n","protected":false},"author":1,"featured_media":0,"parent":0,"menu_order":66,"comment_status":"closed","ping_status":"closed","template":"","meta":{"_acf_changed":false,"footnotes":""},"class_list":["post-1894","page","type-page","status-publish","hentry"],"acf":[],"yoast_head":"<!-- This site is optimized with the Yoast SEO plugin v26.9 - https:\/\/yoast.com\/product\/yoast-seo-wordpress\/ -->\n<title>Colonnes pour vignobles en acier inox, soutien des m\u00e9dias - Polimetal<\/title>\n<meta name=\"description\" content=\"Voir notre catalogue de produits pour les poteaux de t\u00eate, poteaux interm\u00e9diaires en acier, traverses et treillis, poteaux interm\u00e9diaires, tuteurs et plus encore!\" \/>\n<meta name=\"robots\" content=\"index, follow, max-snippet:-1, max-image-preview:large, max-video-preview:-1\" \/>\n<link rel=\"canonical\" href=\"https:\/\/www.polimetal.it\/fr\/wp-json\/wp\/v2\/pages\/1894\" \/>\n<meta property=\"og:locale\" content=\"fr_FR\" \/>\n<meta property=\"og:type\" content=\"article\" \/>\n<meta property=\"og:title\" content=\"Colonnes pour vignobles en acier inox, soutien des m\u00e9dias - Polimetal\" \/>\n<meta property=\"og:description\" content=\"Voir notre catalogue de produits pour les poteaux de t\u00eate, poteaux interm\u00e9diaires en acier, traverses et treillis, poteaux interm\u00e9diaires, tuteurs et plus encore!\" \/>\n<meta property=\"og:url\" content=\"https:\/\/www.polimetal.it\/gamma-completa\/\" \/>\n<meta property=\"og:site_name\" content=\"Polimetal\" \/>\n<meta property=\"article:modified_time\" content=\"2018-09-18T15:03:24+00:00\" \/>\n<meta name=\"twitter:card\" content=\"summary_large_image\" \/>\n<meta name=\"twitter:label1\" content=\"Dur\u00e9e de lecture estim\u00e9e\" \/>\n\t<meta name=\"twitter:data1\" content=\"1 minute\" \/>\n<script type=\"application\/ld+json\" class=\"yoast-schema-graph\">{\"@context\":\"https:\/\/schema.org\",\"@graph\":[{\"@type\":\"WebPage\",\"@id\":\"https:\/\/www.polimetal.it\/gamma-completa\/\",\"url\":\"https:\/\/www.polimetal.it\/gamma-completa\/\",\"name\":\"Colonnes pour vignobles en acier inox, soutien des m\u00e9dias - Polimetal\",\"isPartOf\":{\"@id\":\"https:\/\/www.polimetal.it\/#website\"},\"datePublished\":\"2017-11-13T09:07:25+00:00\",\"dateModified\":\"2018-09-18T15:03:24+00:00\",\"description\":\"Voir notre catalogue de produits pour les poteaux de t\u00eate, poteaux interm\u00e9diaires en acier, traverses et treillis, poteaux interm\u00e9diaires, tuteurs et plus encore!\",\"breadcrumb\":{\"@id\":\"https:\/\/www.polimetal.it\/gamma-completa\/#breadcrumb\"},\"inLanguage\":\"fr-FR\",\"potentialAction\":[{\"@type\":\"ReadAction\",\"target\":[\"https:\/\/www.polimetal.it\/gamma-completa\/\"]}]},{\"@type\":\"BreadcrumbList\",\"@id\":\"https:\/\/www.polimetal.it\/gamma-completa\/#breadcrumb\",\"itemListElement\":[{\"@type\":\"ListItem\",\"position\":1,\"name\":\"Home\",\"item\":\"https:\/\/www.polimetal.it\/\"},{\"@type\":\"ListItem\",\"position\":2,\"name\":\"GAMME COMPL\u00c8TE\"}]},{\"@type\":\"WebSite\",\"@id\":\"https:\/\/www.polimetal.it\/#website\",\"url\":\"https:\/\/www.polimetal.it\/\",\"name\":\"Polimetal\",\"description\":\"pali per vigneto e accessori per vigneto\",\"potentialAction\":[{\"@type\":\"SearchAction\",\"target\":{\"@type\":\"EntryPoint\",\"urlTemplate\":\"https:\/\/www.polimetal.it\/?s={search_term_string}\"},\"query-input\":{\"@type\":\"PropertyValueSpecification\",\"valueRequired\":true,\"valueName\":\"search_term_string\"}}],\"inLanguage\":\"fr-FR\"}]}<\/script>\n<!-- \/ Yoast SEO plugin. -->","yoast_head_json":{"title":"Colonnes pour vignobles en acier inox, soutien des m\u00e9dias - Polimetal","description":"Voir notre catalogue de produits pour les poteaux de t\u00eate, poteaux interm\u00e9diaires en acier, traverses et treillis, poteaux interm\u00e9diaires, tuteurs et plus encore!","robots":{"index":"index","follow":"follow","max-snippet":"max-snippet:-1","max-image-preview":"max-image-preview:large","max-video-preview":"max-video-preview:-1"},"canonical":"https:\/\/www.polimetal.it\/fr\/wp-json\/wp\/v2\/pages\/1894","og_locale":"fr_FR","og_type":"article","og_title":"Colonnes pour vignobles en acier inox, soutien des m\u00e9dias - Polimetal","og_description":"Voir notre catalogue de produits pour les poteaux de t\u00eate, poteaux interm\u00e9diaires en acier, traverses et treillis, poteaux interm\u00e9diaires, tuteurs et plus encore!","og_url":"https:\/\/www.polimetal.it\/gamma-completa\/","og_site_name":"Polimetal","article_modified_time":"2018-09-18T15:03:24+00:00","twitter_card":"summary_large_image","twitter_misc":{"Dur\u00e9e de lecture estim\u00e9e":"1 minute"},"schema":{"@context":"https:\/\/schema.org","@graph":[{"@type":"WebPage","@id":"https:\/\/www.polimetal.it\/gamma-completa\/","url":"https:\/\/www.polimetal.it\/gamma-completa\/","name":"Colonnes pour vignobles en acier inox, soutien des m\u00e9dias - Polimetal","isPartOf":{"@id":"https:\/\/www.polimetal.it\/#website"},"datePublished":"2017-11-13T09:07:25+00:00","dateModified":"2018-09-18T15:03:24+00:00","description":"Voir notre catalogue de produits pour les poteaux de t\u00eate, poteaux interm\u00e9diaires en acier, traverses et treillis, poteaux interm\u00e9diaires, tuteurs et plus encore!","breadcrumb":{"@id":"https:\/\/www.polimetal.it\/gamma-completa\/#breadcrumb"},"inLanguage":"fr-FR","potentialAction":[{"@type":"ReadAction","target":["https:\/\/www.polimetal.it\/gamma-completa\/"]}]},{"@type":"BreadcrumbList","@id":"https:\/\/www.polimetal.it\/gamma-completa\/#breadcrumb","itemListElement":[{"@type":"ListItem","position":1,"name":"Home","item":"https:\/\/www.polimetal.it\/"},{"@type":"ListItem","position":2,"name":"GAMME COMPL\u00c8TE"}]},{"@type":"WebSite","@id":"https:\/\/www.polimetal.it\/#website","url":"https:\/\/www.polimetal.it\/","name":"Polimetal","description":"pali per vigneto e accessori per vigneto","potentialAction":[{"@type":"SearchAction","target":{"@type":"EntryPoint","urlTemplate":"https:\/\/www.polimetal.it\/?s={search_term_string}"},"query-input":{"@type":"PropertyValueSpecification","valueRequired":true,"valueName":"search_term_string"}}],"inLanguage":"fr-FR"}]}},"_links":{"self":[{"href":"https:\/\/www.polimetal.it\/fr\/wp-json\/wp\/v2\/pages\/1894","targetHints":{"allow":["GET"]}}],"collection":[{"href":"https:\/\/www.polimetal.it\/fr\/wp-json\/wp\/v2\/pages"}],"about":[{"href":"https:\/\/www.polimetal.it\/fr\/wp-json\/wp\/v2\/types\/page"}],"author":[{"embeddable":true,"href":"https:\/\/www.polimetal.it\/fr\/wp-json\/wp\/v2\/users\/1"}],"replies":[{"embeddable":true,"href":"https:\/\/www.polimetal.it\/fr\/wp-json\/wp\/v2\/comments?post=1894"}],"version-history":[{"count":3,"href":"https:\/\/www.polimetal.it\/fr\/wp-json\/wp\/v2\/pages\/1894\/revisions"}],"predecessor-version":[{"id":2315,"href":"https:\/\/www.polimetal.it\/fr\/wp-json\/wp\/v2\/pages\/1894\/revisions\/2315"}],"wp:attachment":[{"href":"https:\/\/www.polimetal.it\/fr\/wp-json\/wp\/v2\/media?parent=1894"}],"curies":[{"name":"wp","href":"https:\/\/api.w.org\/{rel}","templated":true}]}}