{"id":1890,"date":"2017-11-13T10:06:59","date_gmt":"2017-11-13T09:06:59","guid":{"rendered":"https:\/\/www.polimetal.it\/sviluppiamo-il-tuo-impianto\/"},"modified":"2018-07-20T16:39:36","modified_gmt":"2018-07-20T14:39:36","slug":"nous-developpons-votre-etablissement","status":"publish","type":"page","link":"https:\/\/www.polimetal.it\/fr\/nous-developpons-votre-etablissement\/","title":{"rendered":"NOUS D\u00c9VELOPPONS VOTRE \u00c9TABLISSEMENT"},"content":{"rendered":"<p>EN FONCTION DES BESOINS DU CLIENT ET DU TYPE DE VIGNOBLE, NOUS PROPOSONS DES SOLUTIONS SUR MESURE.<\/p>\n<p>&nbsp;<\/p>\n<div id=\"analisi-progetto\"><strong>Analyse du projet avec le client<\/strong><br \/>\nLa phase initiale est certainement la plus importante. Pour nous, l&rsquo;analyse consiste \u00e0 consid\u00e9rer tout ce que nos clients veulent afin de les satisfaire au mieux. Parler et discuter est le secret d&rsquo;un projet r\u00e9ussi, dans lequel toutes les parties concern\u00e9es sont pleinement satisfaites.<\/div>\n<p>&nbsp;<\/p>\n<div id=\"fornitura-personalizzata\"><strong>Approvisionnement sur mesure<\/strong><br \/>\nChaque syst\u00e8me est diff\u00e9rent parce qu&rsquo;il y a de nombreux facteurs \u00e0 prendre en compte. Nous le savons et vous conseillerons sur la solution la plus appropri\u00e9e et la plus rentable pour vous garantir le r\u00e9sultat que vous souhaitez atteindre. Tradition et innovation s&rsquo;entrem\u00ealent dans le but de satisfaire tous vos besoins.<\/div>\n<p>&nbsp;<\/p>\n<div id=\"realizzazione-impianto\"><strong>R\u00e9alisation de l&rsquo;installation<\/strong><br \/>\nUne fois le projet d\u00e9fini en d\u00e9tail, pour nous, la derni\u00e8re phase commence, la phase purement op\u00e9rationnelle. Notre travail sera de r\u00e9pondre \u00e0 vos attentes avec la garantie d&rsquo;une qualit\u00e9 certifi\u00e9e.<\/div>\n<p>&nbsp;<\/p>\n","protected":false},"excerpt":{"rendered":"<p>EN FONCTION DES BESOINS DU CLIENT ET DU TYPE DE VIGNOBLE, NOUS PROPOSONS DES SOLUTIONS SUR MESURE. &nbsp; Analyse du projet avec le client La phase initiale est certainement la [&hellip;]<\/p>\n","protected":false},"author":1,"featured_media":996,"parent":0,"menu_order":89,"comment_status":"closed","ping_status":"closed","template":"","meta":{"_acf_changed":false,"footnotes":""},"class_list":["post-1890","page","type-page","status-publish","has-post-thumbnail","hentry"],"acf":[],"yoast_head":"<!-- This site is optimized with the Yoast SEO plugin v26.9 - https:\/\/yoast.com\/product\/yoast-seo-wordpress\/ -->\n<title>Gamme compl\u00e8te de produits pour la viticulture - Polimetal<\/title>\n<meta name=\"description\" content=\"La recherche continue que nous menons nous permet d&#039;offrir \u00e0 nos clients une gamme compl\u00e8te de produits pour la viticulture. Contactez-nous!\" \/>\n<meta name=\"robots\" content=\"index, follow, max-snippet:-1, max-image-preview:large, max-video-preview:-1\" \/>\n<link rel=\"canonical\" href=\"https:\/\/www.polimetal.it\/fr\/wp-json\/wp\/v2\/pages\/1890\" \/>\n<meta property=\"og:locale\" content=\"fr_FR\" \/>\n<meta property=\"og:type\" content=\"article\" \/>\n<meta property=\"og:title\" content=\"Gamme compl\u00e8te de produits pour la viticulture - Polimetal\" \/>\n<meta property=\"og:description\" content=\"La recherche continue que nous menons nous permet d&#039;offrir \u00e0 nos clients une gamme compl\u00e8te de produits pour la viticulture. Contactez-nous!\" \/>\n<meta property=\"og:url\" content=\"https:\/\/www.polimetal.it\/sviluppiamo-il-tuo-impianto\/\" \/>\n<meta property=\"og:site_name\" content=\"Polimetal\" \/>\n<meta property=\"article:modified_time\" content=\"2018-07-20T14:39:36+00:00\" \/>\n<meta property=\"og:image\" content=\"https:\/\/www.polimetal.it\/wp-content\/uploads\/2017\/11\/impianti.png\" \/>\n\t<meta property=\"og:image:width\" content=\"550\" \/>\n\t<meta property=\"og:image:height\" content=\"300\" \/>\n\t<meta property=\"og:image:type\" content=\"image\/png\" \/>\n<meta name=\"twitter:card\" content=\"summary_large_image\" \/>\n<meta name=\"twitter:label1\" content=\"Dur\u00e9e de lecture estim\u00e9e\" \/>\n\t<meta name=\"twitter:data1\" content=\"1 minute\" \/>\n<script type=\"application\/ld+json\" class=\"yoast-schema-graph\">{\"@context\":\"https:\/\/schema.org\",\"@graph\":[{\"@type\":\"WebPage\",\"@id\":\"https:\/\/www.polimetal.it\/sviluppiamo-il-tuo-impianto\/\",\"url\":\"https:\/\/www.polimetal.it\/sviluppiamo-il-tuo-impianto\/\",\"name\":\"Gamme compl\u00e8te de produits pour la viticulture - Polimetal\",\"isPartOf\":{\"@id\":\"https:\/\/www.polimetal.it\/#website\"},\"primaryImageOfPage\":{\"@id\":\"https:\/\/www.polimetal.it\/sviluppiamo-il-tuo-impianto\/#primaryimage\"},\"image\":{\"@id\":\"https:\/\/www.polimetal.it\/sviluppiamo-il-tuo-impianto\/#primaryimage\"},\"thumbnailUrl\":\"https:\/\/www.polimetal.it\/wp-content\/uploads\/2017\/11\/impianti.png\",\"datePublished\":\"2017-11-13T09:06:59+00:00\",\"dateModified\":\"2018-07-20T14:39:36+00:00\",\"description\":\"La recherche continue que nous menons nous permet d'offrir \u00e0 nos clients une gamme compl\u00e8te de produits pour la viticulture. Contactez-nous!\",\"breadcrumb\":{\"@id\":\"https:\/\/www.polimetal.it\/sviluppiamo-il-tuo-impianto\/#breadcrumb\"},\"inLanguage\":\"fr-FR\",\"potentialAction\":[{\"@type\":\"ReadAction\",\"target\":[\"https:\/\/www.polimetal.it\/sviluppiamo-il-tuo-impianto\/\"]}]},{\"@type\":\"ImageObject\",\"inLanguage\":\"fr-FR\",\"@id\":\"https:\/\/www.polimetal.it\/sviluppiamo-il-tuo-impianto\/#primaryimage\",\"url\":\"https:\/\/www.polimetal.it\/wp-content\/uploads\/2017\/11\/impianti.png\",\"contentUrl\":\"https:\/\/www.polimetal.it\/wp-content\/uploads\/2017\/11\/impianti.png\",\"width\":550,\"height\":300,\"caption\":\"Pali per viticoltura: impianti\"},{\"@type\":\"BreadcrumbList\",\"@id\":\"https:\/\/www.polimetal.it\/sviluppiamo-il-tuo-impianto\/#breadcrumb\",\"itemListElement\":[{\"@type\":\"ListItem\",\"position\":1,\"name\":\"Home\",\"item\":\"https:\/\/www.polimetal.it\/\"},{\"@type\":\"ListItem\",\"position\":2,\"name\":\"NOUS D\u00c9VELOPPONS VOTRE \u00c9TABLISSEMENT\"}]},{\"@type\":\"WebSite\",\"@id\":\"https:\/\/www.polimetal.it\/#website\",\"url\":\"https:\/\/www.polimetal.it\/\",\"name\":\"Polimetal\",\"description\":\"pali per vigneto e accessori per vigneto\",\"potentialAction\":[{\"@type\":\"SearchAction\",\"target\":{\"@type\":\"EntryPoint\",\"urlTemplate\":\"https:\/\/www.polimetal.it\/?s={search_term_string}\"},\"query-input\":{\"@type\":\"PropertyValueSpecification\",\"valueRequired\":true,\"valueName\":\"search_term_string\"}}],\"inLanguage\":\"fr-FR\"}]}<\/script>\n<!-- \/ Yoast SEO plugin. -->","yoast_head_json":{"title":"Gamme compl\u00e8te de produits pour la viticulture - Polimetal","description":"La recherche continue que nous menons nous permet d'offrir \u00e0 nos clients une gamme compl\u00e8te de produits pour la viticulture. Contactez-nous!","robots":{"index":"index","follow":"follow","max-snippet":"max-snippet:-1","max-image-preview":"max-image-preview:large","max-video-preview":"max-video-preview:-1"},"canonical":"https:\/\/www.polimetal.it\/fr\/wp-json\/wp\/v2\/pages\/1890","og_locale":"fr_FR","og_type":"article","og_title":"Gamme compl\u00e8te de produits pour la viticulture - Polimetal","og_description":"La recherche continue que nous menons nous permet d'offrir \u00e0 nos clients une gamme compl\u00e8te de produits pour la viticulture. Contactez-nous!","og_url":"https:\/\/www.polimetal.it\/sviluppiamo-il-tuo-impianto\/","og_site_name":"Polimetal","article_modified_time":"2018-07-20T14:39:36+00:00","og_image":[{"width":550,"height":300,"url":"https:\/\/www.polimetal.it\/wp-content\/uploads\/2017\/11\/impianti.png","type":"image\/png"}],"twitter_card":"summary_large_image","twitter_misc":{"Dur\u00e9e de lecture estim\u00e9e":"1 minute"},"schema":{"@context":"https:\/\/schema.org","@graph":[{"@type":"WebPage","@id":"https:\/\/www.polimetal.it\/sviluppiamo-il-tuo-impianto\/","url":"https:\/\/www.polimetal.it\/sviluppiamo-il-tuo-impianto\/","name":"Gamme compl\u00e8te de produits pour la viticulture - Polimetal","isPartOf":{"@id":"https:\/\/www.polimetal.it\/#website"},"primaryImageOfPage":{"@id":"https:\/\/www.polimetal.it\/sviluppiamo-il-tuo-impianto\/#primaryimage"},"image":{"@id":"https:\/\/www.polimetal.it\/sviluppiamo-il-tuo-impianto\/#primaryimage"},"thumbnailUrl":"https:\/\/www.polimetal.it\/wp-content\/uploads\/2017\/11\/impianti.png","datePublished":"2017-11-13T09:06:59+00:00","dateModified":"2018-07-20T14:39:36+00:00","description":"La recherche continue que nous menons nous permet d'offrir \u00e0 nos clients une gamme compl\u00e8te de produits pour la viticulture. Contactez-nous!","breadcrumb":{"@id":"https:\/\/www.polimetal.it\/sviluppiamo-il-tuo-impianto\/#breadcrumb"},"inLanguage":"fr-FR","potentialAction":[{"@type":"ReadAction","target":["https:\/\/www.polimetal.it\/sviluppiamo-il-tuo-impianto\/"]}]},{"@type":"ImageObject","inLanguage":"fr-FR","@id":"https:\/\/www.polimetal.it\/sviluppiamo-il-tuo-impianto\/#primaryimage","url":"https:\/\/www.polimetal.it\/wp-content\/uploads\/2017\/11\/impianti.png","contentUrl":"https:\/\/www.polimetal.it\/wp-content\/uploads\/2017\/11\/impianti.png","width":550,"height":300,"caption":"Pali per viticoltura: impianti"},{"@type":"BreadcrumbList","@id":"https:\/\/www.polimetal.it\/sviluppiamo-il-tuo-impianto\/#breadcrumb","itemListElement":[{"@type":"ListItem","position":1,"name":"Home","item":"https:\/\/www.polimetal.it\/"},{"@type":"ListItem","position":2,"name":"NOUS D\u00c9VELOPPONS VOTRE \u00c9TABLISSEMENT"}]},{"@type":"WebSite","@id":"https:\/\/www.polimetal.it\/#website","url":"https:\/\/www.polimetal.it\/","name":"Polimetal","description":"pali per vigneto e accessori per vigneto","potentialAction":[{"@type":"SearchAction","target":{"@type":"EntryPoint","urlTemplate":"https:\/\/www.polimetal.it\/?s={search_term_string}"},"query-input":{"@type":"PropertyValueSpecification","valueRequired":true,"valueName":"search_term_string"}}],"inLanguage":"fr-FR"}]}},"_links":{"self":[{"href":"https:\/\/www.polimetal.it\/fr\/wp-json\/wp\/v2\/pages\/1890","targetHints":{"allow":["GET"]}}],"collection":[{"href":"https:\/\/www.polimetal.it\/fr\/wp-json\/wp\/v2\/pages"}],"about":[{"href":"https:\/\/www.polimetal.it\/fr\/wp-json\/wp\/v2\/types\/page"}],"author":[{"embeddable":true,"href":"https:\/\/www.polimetal.it\/fr\/wp-json\/wp\/v2\/users\/1"}],"replies":[{"embeddable":true,"href":"https:\/\/www.polimetal.it\/fr\/wp-json\/wp\/v2\/comments?post=1890"}],"version-history":[{"count":3,"href":"https:\/\/www.polimetal.it\/fr\/wp-json\/wp\/v2\/pages\/1890\/revisions"}],"predecessor-version":[{"id":2211,"href":"https:\/\/www.polimetal.it\/fr\/wp-json\/wp\/v2\/pages\/1890\/revisions\/2211"}],"wp:featuredmedia":[{"embeddable":true,"href":"https:\/\/www.polimetal.it\/fr\/wp-json\/wp\/v2\/media\/996"}],"wp:attachment":[{"href":"https:\/\/www.polimetal.it\/fr\/wp-json\/wp\/v2\/media?parent=1890"}],"curies":[{"name":"wp","href":"https:\/\/api.w.org\/{rel}","templated":true}]}}