{"id":2162,"date":"2017-11-13T11:29:47","date_gmt":"2017-11-13T10:29:47","guid":{"rendered":"https:\/\/www.polimetal.it\/polimetal\/"},"modified":"2022-03-31T12:02:01","modified_gmt":"2022-03-31T10:02:01","slug":"polimetal","status":"publish","type":"page","link":"https:\/\/www.polimetal.it\/es\/polimetal\/","title":{"rendered":"Polimetal"},"content":{"rendered":"<p><strong><span class=\"orange\">Producimos postes y accesorios para el vi\u00f1edo moderno<\/span>.<\/strong><br \/>\n<i>Con Polimetal es f\u00e1cil iniciar y cuidar su propio vi\u00f1edo.<\/i><\/p>\n<hr \/>\n<p>Aqu\u00ed encontrar\u00e1 una amplia gama de postes y accesorios, como postes de cabecera, postes intermedios, tutores para sarmientos y mucho m\u00e1s.<\/p>\n","protected":false},"excerpt":{"rendered":"<p>Producimos postes y accesorios para el vi\u00f1edo moderno. Con Polimetal es f\u00e1cil iniciar y cuidar su propio vi\u00f1edo. Aqu\u00ed encontrar\u00e1 una amplia gama de postes y accesorios, como postes de [&hellip;]<\/p>\n","protected":false},"author":1,"featured_media":0,"parent":0,"menu_order":80,"comment_status":"closed","ping_status":"closed","template":"","meta":{"_acf_changed":false,"footnotes":""},"class_list":["post-2162","page","type-page","status-publish","hentry"],"acf":[],"yoast_head":"<!-- This site is optimized with the Yoast SEO plugin v26.9 - https:\/\/yoast.com\/product\/yoast-seo-wordpress\/ -->\n<title>Producimos postes y accesorios para el vi\u00f1edo moderno - Polimetal<\/title>\n<meta name=\"description\" content=\"Producimos postes y accesorios para el vi\u00f1edo moderno.Con Polimetal es f\u00e1cil iniciar y cuidar su propio vi\u00f1edo.\" \/>\n<meta name=\"robots\" content=\"index, follow, max-snippet:-1, max-image-preview:large, max-video-preview:-1\" \/>\n<link rel=\"canonical\" href=\"https:\/\/www.polimetal.it\/es\/wp-json\/wp\/v2\/pages\/2162\" \/>\n<meta property=\"og:locale\" content=\"es_ES\" \/>\n<meta property=\"og:type\" content=\"article\" \/>\n<meta property=\"og:title\" content=\"Producimos postes y accesorios para el vi\u00f1edo moderno - Polimetal\" \/>\n<meta property=\"og:description\" content=\"Producimos postes y accesorios para el vi\u00f1edo moderno.Con Polimetal es f\u00e1cil iniciar y cuidar su propio vi\u00f1edo.\" \/>\n<meta property=\"og:url\" content=\"https:\/\/www.polimetal.it\/es\/polimetal\/\" \/>\n<meta property=\"og:site_name\" content=\"Polimetal\" \/>\n<meta property=\"article:modified_time\" content=\"2022-03-31T10:02:01+00:00\" \/>\n<meta name=\"twitter:card\" content=\"summary_large_image\" \/>\n<script type=\"application\/ld+json\" class=\"yoast-schema-graph\">{\"@context\":\"https:\/\/schema.org\",\"@graph\":[{\"@type\":\"WebPage\",\"@id\":\"https:\/\/www.polimetal.it\/es\/polimetal\/\",\"url\":\"https:\/\/www.polimetal.it\/es\/polimetal\/\",\"name\":\"Producimos postes y accesorios para el vi\u00f1edo moderno - Polimetal\",\"isPartOf\":{\"@id\":\"https:\/\/www.polimetal.it\/#website\"},\"datePublished\":\"2017-11-13T10:29:47+00:00\",\"dateModified\":\"2022-03-31T10:02:01+00:00\",\"description\":\"Producimos postes y accesorios para el vi\u00f1edo moderno.Con Polimetal es f\u00e1cil iniciar y cuidar su propio vi\u00f1edo.\",\"breadcrumb\":{\"@id\":\"https:\/\/www.polimetal.it\/es\/polimetal\/#breadcrumb\"},\"inLanguage\":\"es\",\"potentialAction\":[{\"@type\":\"ReadAction\",\"target\":[\"https:\/\/www.polimetal.it\/es\/polimetal\/\"]}]},{\"@type\":\"BreadcrumbList\",\"@id\":\"https:\/\/www.polimetal.it\/es\/polimetal\/#breadcrumb\",\"itemListElement\":[{\"@type\":\"ListItem\",\"position\":1,\"name\":\"Home\",\"item\":\"https:\/\/www.polimetal.it\/\"},{\"@type\":\"ListItem\",\"position\":2,\"name\":\"Polimetal\"}]},{\"@type\":\"WebSite\",\"@id\":\"https:\/\/www.polimetal.it\/#website\",\"url\":\"https:\/\/www.polimetal.it\/\",\"name\":\"Polimetal\",\"description\":\"pali per vigneto e accessori per vigneto\",\"potentialAction\":[{\"@type\":\"SearchAction\",\"target\":{\"@type\":\"EntryPoint\",\"urlTemplate\":\"https:\/\/www.polimetal.it\/?s={search_term_string}\"},\"query-input\":{\"@type\":\"PropertyValueSpecification\",\"valueRequired\":true,\"valueName\":\"search_term_string\"}}],\"inLanguage\":\"es\"}]}<\/script>\n<!-- \/ Yoast SEO plugin. -->","yoast_head_json":{"title":"Producimos postes y accesorios para el vi\u00f1edo moderno - Polimetal","description":"Producimos postes y accesorios para el vi\u00f1edo moderno.Con Polimetal es f\u00e1cil iniciar y cuidar su propio vi\u00f1edo.","robots":{"index":"index","follow":"follow","max-snippet":"max-snippet:-1","max-image-preview":"max-image-preview:large","max-video-preview":"max-video-preview:-1"},"canonical":"https:\/\/www.polimetal.it\/es\/wp-json\/wp\/v2\/pages\/2162","og_locale":"es_ES","og_type":"article","og_title":"Producimos postes y accesorios para el vi\u00f1edo moderno - Polimetal","og_description":"Producimos postes y accesorios para el vi\u00f1edo moderno.Con Polimetal es f\u00e1cil iniciar y cuidar su propio vi\u00f1edo.","og_url":"https:\/\/www.polimetal.it\/es\/polimetal\/","og_site_name":"Polimetal","article_modified_time":"2022-03-31T10:02:01+00:00","twitter_card":"summary_large_image","schema":{"@context":"https:\/\/schema.org","@graph":[{"@type":"WebPage","@id":"https:\/\/www.polimetal.it\/es\/polimetal\/","url":"https:\/\/www.polimetal.it\/es\/polimetal\/","name":"Producimos postes y accesorios para el vi\u00f1edo moderno - Polimetal","isPartOf":{"@id":"https:\/\/www.polimetal.it\/#website"},"datePublished":"2017-11-13T10:29:47+00:00","dateModified":"2022-03-31T10:02:01+00:00","description":"Producimos postes y accesorios para el vi\u00f1edo moderno.Con Polimetal es f\u00e1cil iniciar y cuidar su propio vi\u00f1edo.","breadcrumb":{"@id":"https:\/\/www.polimetal.it\/es\/polimetal\/#breadcrumb"},"inLanguage":"es","potentialAction":[{"@type":"ReadAction","target":["https:\/\/www.polimetal.it\/es\/polimetal\/"]}]},{"@type":"BreadcrumbList","@id":"https:\/\/www.polimetal.it\/es\/polimetal\/#breadcrumb","itemListElement":[{"@type":"ListItem","position":1,"name":"Home","item":"https:\/\/www.polimetal.it\/"},{"@type":"ListItem","position":2,"name":"Polimetal"}]},{"@type":"WebSite","@id":"https:\/\/www.polimetal.it\/#website","url":"https:\/\/www.polimetal.it\/","name":"Polimetal","description":"pali per vigneto e accessori per vigneto","potentialAction":[{"@type":"SearchAction","target":{"@type":"EntryPoint","urlTemplate":"https:\/\/www.polimetal.it\/?s={search_term_string}"},"query-input":{"@type":"PropertyValueSpecification","valueRequired":true,"valueName":"search_term_string"}}],"inLanguage":"es"}]}},"_links":{"self":[{"href":"https:\/\/www.polimetal.it\/es\/wp-json\/wp\/v2\/pages\/2162","targetHints":{"allow":["GET"]}}],"collection":[{"href":"https:\/\/www.polimetal.it\/es\/wp-json\/wp\/v2\/pages"}],"about":[{"href":"https:\/\/www.polimetal.it\/es\/wp-json\/wp\/v2\/types\/page"}],"author":[{"embeddable":true,"href":"https:\/\/www.polimetal.it\/es\/wp-json\/wp\/v2\/users\/1"}],"replies":[{"embeddable":true,"href":"https:\/\/www.polimetal.it\/es\/wp-json\/wp\/v2\/comments?post=2162"}],"version-history":[{"count":3,"href":"https:\/\/www.polimetal.it\/es\/wp-json\/wp\/v2\/pages\/2162\/revisions"}],"predecessor-version":[{"id":2339,"href":"https:\/\/www.polimetal.it\/es\/wp-json\/wp\/v2\/pages\/2162\/revisions\/2339"}],"wp:attachment":[{"href":"https:\/\/www.polimetal.it\/es\/wp-json\/wp\/v2\/media?parent=2162"}],"curies":[{"name":"wp","href":"https:\/\/api.w.org\/{rel}","templated":true}]}}