{"id":1771,"date":"2017-11-13T10:07:25","date_gmt":"2017-11-13T09:07:25","guid":{"rendered":"https:\/\/www.polimetal.it\/gamma-completa\/"},"modified":"2020-01-23T11:18:20","modified_gmt":"2020-01-23T10:18:20","slug":"gama-completa","status":"publish","type":"page","link":"https:\/\/www.polimetal.it\/es\/gama-completa\/","title":{"rendered":"Gama completa"},"content":{"rendered":"<p>Un material puede considerarse de calidad cuando conserva la mayor parte de sus caracter\u00edsticas inalteradas con el paso del tiempo, independientemente del aire, la luz, la humedad, las variaciones de temperatura, las acciones corrosivas de algunos tratamientos y el ataque de organismos f\u00fangicos.<br \/>\nAdem\u00e1s, otro factor que determina su calidad es el riesgo que representa para los operadores que trabajan en el vi\u00f1edo en las operaciones ordinarias o de mantenimiento.<\/p>\n<p>Por todos estos motivos, podemos decir que no existe una \u00fanica soluci\u00f3n v\u00e1lida para todos: nuestro asesoramiento es fundamental para ayudar a cada cliente a hacer sus adquisiciones de la manera m\u00e1s adecuada de acuerdo con sus necesidades.<\/p>\n","protected":false},"excerpt":{"rendered":"<p>Un material puede considerarse de calidad cuando conserva la mayor parte de sus caracter\u00edsticas inalteradas con el paso del tiempo, independientemente del aire, la luz, la humedad, las variaciones de [&hellip;]<\/p>\n","protected":false},"author":1,"featured_media":0,"parent":0,"menu_order":66,"comment_status":"closed","ping_status":"closed","template":"","meta":{"_acf_changed":false,"footnotes":""},"class_list":["post-1771","page","type-page","status-publish","hentry"],"acf":[],"yoast_head":"<!-- This site is optimized with the Yoast SEO plugin v26.9 - https:\/\/yoast.com\/product\/yoast-seo-wordpress\/ -->\n<title>Gama de productos para la viticultura mecanizada y tradicional - Polimetal<\/title>\n<meta name=\"description\" content=\"Realizamos materiales para la viticultura mecanizada y para la viticultura tradicional, una gama completa de productos para el viticultor. \u00a1Ponte en contacto con nosotros!\" \/>\n<meta name=\"robots\" content=\"index, follow, max-snippet:-1, max-image-preview:large, max-video-preview:-1\" \/>\n<link rel=\"canonical\" href=\"https:\/\/www.polimetal.it\/es\/wp-json\/wp\/v2\/pages\/1771\" \/>\n<meta property=\"og:locale\" content=\"es_ES\" \/>\n<meta property=\"og:type\" content=\"article\" \/>\n<meta property=\"og:title\" content=\"Gama de productos para la viticultura mecanizada y tradicional - Polimetal\" \/>\n<meta property=\"og:description\" content=\"Realizamos materiales para la viticultura mecanizada y para la viticultura tradicional, una gama completa de productos para el viticultor. \u00a1Ponte en contacto con nosotros!\" \/>\n<meta property=\"og:url\" content=\"https:\/\/www.polimetal.it\/gamma-completa\/\" \/>\n<meta property=\"og:site_name\" content=\"Polimetal\" \/>\n<meta property=\"article:modified_time\" content=\"2020-01-23T10:18:20+00:00\" \/>\n<meta name=\"twitter:card\" content=\"summary_large_image\" \/>\n<meta name=\"twitter:label1\" content=\"Tiempo de lectura\" \/>\n\t<meta name=\"twitter:data1\" content=\"1 minuto\" \/>\n<script type=\"application\/ld+json\" class=\"yoast-schema-graph\">{\"@context\":\"https:\/\/schema.org\",\"@graph\":[{\"@type\":\"WebPage\",\"@id\":\"https:\/\/www.polimetal.it\/gamma-completa\/\",\"url\":\"https:\/\/www.polimetal.it\/gamma-completa\/\",\"name\":\"Gama de productos para la viticultura mecanizada y tradicional - Polimetal\",\"isPartOf\":{\"@id\":\"https:\/\/www.polimetal.it\/#website\"},\"datePublished\":\"2017-11-13T09:07:25+00:00\",\"dateModified\":\"2020-01-23T10:18:20+00:00\",\"description\":\"Realizamos materiales para la viticultura mecanizada y para la viticultura tradicional, una gama completa de productos para el viticultor. \u00a1Ponte en contacto con nosotros!\",\"breadcrumb\":{\"@id\":\"https:\/\/www.polimetal.it\/gamma-completa\/#breadcrumb\"},\"inLanguage\":\"es\",\"potentialAction\":[{\"@type\":\"ReadAction\",\"target\":[\"https:\/\/www.polimetal.it\/gamma-completa\/\"]}]},{\"@type\":\"BreadcrumbList\",\"@id\":\"https:\/\/www.polimetal.it\/gamma-completa\/#breadcrumb\",\"itemListElement\":[{\"@type\":\"ListItem\",\"position\":1,\"name\":\"Home\",\"item\":\"https:\/\/www.polimetal.it\/\"},{\"@type\":\"ListItem\",\"position\":2,\"name\":\"Gama completa\"}]},{\"@type\":\"WebSite\",\"@id\":\"https:\/\/www.polimetal.it\/#website\",\"url\":\"https:\/\/www.polimetal.it\/\",\"name\":\"Polimetal\",\"description\":\"pali per vigneto e accessori per vigneto\",\"potentialAction\":[{\"@type\":\"SearchAction\",\"target\":{\"@type\":\"EntryPoint\",\"urlTemplate\":\"https:\/\/www.polimetal.it\/?s={search_term_string}\"},\"query-input\":{\"@type\":\"PropertyValueSpecification\",\"valueRequired\":true,\"valueName\":\"search_term_string\"}}],\"inLanguage\":\"es\"}]}<\/script>\n<!-- \/ Yoast SEO plugin. -->","yoast_head_json":{"title":"Gama de productos para la viticultura mecanizada y tradicional - Polimetal","description":"Realizamos materiales para la viticultura mecanizada y para la viticultura tradicional, una gama completa de productos para el viticultor. \u00a1Ponte en contacto con nosotros!","robots":{"index":"index","follow":"follow","max-snippet":"max-snippet:-1","max-image-preview":"max-image-preview:large","max-video-preview":"max-video-preview:-1"},"canonical":"https:\/\/www.polimetal.it\/es\/wp-json\/wp\/v2\/pages\/1771","og_locale":"es_ES","og_type":"article","og_title":"Gama de productos para la viticultura mecanizada y tradicional - Polimetal","og_description":"Realizamos materiales para la viticultura mecanizada y para la viticultura tradicional, una gama completa de productos para el viticultor. \u00a1Ponte en contacto con nosotros!","og_url":"https:\/\/www.polimetal.it\/gamma-completa\/","og_site_name":"Polimetal","article_modified_time":"2020-01-23T10:18:20+00:00","twitter_card":"summary_large_image","twitter_misc":{"Tiempo de lectura":"1 minuto"},"schema":{"@context":"https:\/\/schema.org","@graph":[{"@type":"WebPage","@id":"https:\/\/www.polimetal.it\/gamma-completa\/","url":"https:\/\/www.polimetal.it\/gamma-completa\/","name":"Gama de productos para la viticultura mecanizada y tradicional - Polimetal","isPartOf":{"@id":"https:\/\/www.polimetal.it\/#website"},"datePublished":"2017-11-13T09:07:25+00:00","dateModified":"2020-01-23T10:18:20+00:00","description":"Realizamos materiales para la viticultura mecanizada y para la viticultura tradicional, una gama completa de productos para el viticultor. \u00a1Ponte en contacto con nosotros!","breadcrumb":{"@id":"https:\/\/www.polimetal.it\/gamma-completa\/#breadcrumb"},"inLanguage":"es","potentialAction":[{"@type":"ReadAction","target":["https:\/\/www.polimetal.it\/gamma-completa\/"]}]},{"@type":"BreadcrumbList","@id":"https:\/\/www.polimetal.it\/gamma-completa\/#breadcrumb","itemListElement":[{"@type":"ListItem","position":1,"name":"Home","item":"https:\/\/www.polimetal.it\/"},{"@type":"ListItem","position":2,"name":"Gama completa"}]},{"@type":"WebSite","@id":"https:\/\/www.polimetal.it\/#website","url":"https:\/\/www.polimetal.it\/","name":"Polimetal","description":"pali per vigneto e accessori per vigneto","potentialAction":[{"@type":"SearchAction","target":{"@type":"EntryPoint","urlTemplate":"https:\/\/www.polimetal.it\/?s={search_term_string}"},"query-input":{"@type":"PropertyValueSpecification","valueRequired":true,"valueName":"search_term_string"}}],"inLanguage":"es"}]}},"_links":{"self":[{"href":"https:\/\/www.polimetal.it\/es\/wp-json\/wp\/v2\/pages\/1771","targetHints":{"allow":["GET"]}}],"collection":[{"href":"https:\/\/www.polimetal.it\/es\/wp-json\/wp\/v2\/pages"}],"about":[{"href":"https:\/\/www.polimetal.it\/es\/wp-json\/wp\/v2\/types\/page"}],"author":[{"embeddable":true,"href":"https:\/\/www.polimetal.it\/es\/wp-json\/wp\/v2\/users\/1"}],"replies":[{"embeddable":true,"href":"https:\/\/www.polimetal.it\/es\/wp-json\/wp\/v2\/comments?post=1771"}],"version-history":[{"count":4,"href":"https:\/\/www.polimetal.it\/es\/wp-json\/wp\/v2\/pages\/1771\/revisions"}],"predecessor-version":[{"id":2342,"href":"https:\/\/www.polimetal.it\/es\/wp-json\/wp\/v2\/pages\/1771\/revisions\/2342"}],"wp:attachment":[{"href":"https:\/\/www.polimetal.it\/es\/wp-json\/wp\/v2\/media?parent=1771"}],"curies":[{"name":"wp","href":"https:\/\/api.w.org\/{rel}","templated":true}]}}