{"id":1765,"date":"2017-11-13T10:06:59","date_gmt":"2017-11-13T09:06:59","guid":{"rendered":"https:\/\/www.polimetal.it\/sviluppiamo-il-tuo-impianto\/"},"modified":"2018-09-21T13:00:28","modified_gmt":"2018-09-21T11:00:28","slug":"desarrollamos-tu-instalacion","status":"publish","type":"page","link":"https:\/\/www.polimetal.it\/es\/desarrollamos-tu-instalacion\/","title":{"rendered":"Desarrollamos tu instalaci\u00f3n"},"content":{"rendered":"<p>Un equipo de profesionales est\u00e1 a su total disposici\u00f3n para recomendarte soluciones personalizadas en funci\u00f3n de tus necesidades Estas son nuestras fases de trabajo:<\/p>\n<p>&nbsp;<\/p>\n<div id=\"analisi-progetto\"><strong>An\u00e1lisis del proyecto junto con el cliente<\/strong><br \/>\nLa fase inicial es, sin duda, la m\u00e1s importante. Para nosotros, an\u00e1lisis significa tener en cuenta todos los deseos de nuestro cliente a fin de satisfacerlos de la mejor manera posible. Hablar y discutir es el secreto para un proyecto de \u00e9xito, en el que todas las partes en juego resultan plenamente satisfechas.<\/div>\n<p>&nbsp;<\/p>\n<div id=\"fornitura-personalizzata\"><strong>Suministro personalizado<\/strong><br \/>\nNo hay dos instalaciones iguales, porque son muchos los factores que deben tenerse en cuenta. Nosotros lo sabemos bien y podremos asesorarte con respecto a las soluciones m\u00e1s adecuadas y econ\u00f3micamente convenientes para asegurarte el resultado que deseas lograr. Tradici\u00f3n e innovaci\u00f3n se unen al objetivo de dar respuesta a todas tus necesidades.<\/div>\n<p>&nbsp;<\/p>\n<div id=\"realizzazione-impianto\"><strong>Realizaci\u00f3n de la instalaci\u00f3n<\/strong><br \/>\nUna vez definido el proyecto hasta el m\u00ednimo detalle, se inicia la que para nosotros es la \u00faltima fase, la puramente operativa. Nuestro trabajo ser\u00e1 satisfacer tus expectativas con la garant\u00eda de calidad certificada.<\/div>\n<p>&nbsp;<\/p>\n","protected":false},"excerpt":{"rendered":"<p>Un equipo de profesionales est\u00e1 a su total disposici\u00f3n para recomendarte soluciones personalizadas en funci\u00f3n de tus necesidades Estas son nuestras fases de trabajo: &nbsp; An\u00e1lisis del proyecto junto con [&hellip;]<\/p>\n","protected":false},"author":1,"featured_media":996,"parent":0,"menu_order":89,"comment_status":"closed","ping_status":"closed","template":"","meta":{"_acf_changed":false,"footnotes":""},"class_list":["post-1765","page","type-page","status-publish","has-post-thumbnail","hentry"],"acf":[],"yoast_head":"<!-- This site is optimized with the Yoast SEO plugin v26.9 - https:\/\/yoast.com\/product\/yoast-seo-wordpress\/ -->\n<title>Realizaci\u00f3n de instalaciones de vi\u00f1edo en espaldera o cortina simple - Polimetal<\/title>\n<meta name=\"description\" content=\"Realizamos instalaciones de vi\u00f1edo en espaldera o cortina simple, proporcionando asesoramiento y accesorios para viticultura. Desarrollamos tu instalaci\u00f3n: contacta con nosotros.\" \/>\n<meta name=\"robots\" content=\"index, follow, max-snippet:-1, max-image-preview:large, max-video-preview:-1\" \/>\n<link rel=\"canonical\" href=\"https:\/\/www.polimetal.it\/es\/wp-json\/wp\/v2\/pages\/1765\" \/>\n<meta property=\"og:locale\" content=\"es_ES\" \/>\n<meta property=\"og:type\" content=\"article\" \/>\n<meta property=\"og:title\" content=\"Realizaci\u00f3n de instalaciones de vi\u00f1edo en espaldera o cortina simple - Polimetal\" \/>\n<meta property=\"og:description\" content=\"Realizamos instalaciones de vi\u00f1edo en espaldera o cortina simple, proporcionando asesoramiento y accesorios para viticultura. Desarrollamos tu instalaci\u00f3n: contacta con nosotros.\" \/>\n<meta property=\"og:url\" content=\"https:\/\/www.polimetal.it\/sviluppiamo-il-tuo-impianto\/\" \/>\n<meta property=\"og:site_name\" content=\"Polimetal\" \/>\n<meta property=\"article:modified_time\" content=\"2018-09-21T11:00:28+00:00\" \/>\n<meta property=\"og:image\" content=\"https:\/\/www.polimetal.it\/wp-content\/uploads\/2017\/11\/impianti.png\" \/>\n\t<meta property=\"og:image:width\" content=\"550\" \/>\n\t<meta property=\"og:image:height\" content=\"300\" \/>\n\t<meta property=\"og:image:type\" content=\"image\/png\" \/>\n<meta name=\"twitter:card\" content=\"summary_large_image\" \/>\n<meta name=\"twitter:label1\" content=\"Tiempo de lectura\" \/>\n\t<meta name=\"twitter:data1\" content=\"1 minuto\" \/>\n<script type=\"application\/ld+json\" class=\"yoast-schema-graph\">{\"@context\":\"https:\/\/schema.org\",\"@graph\":[{\"@type\":\"WebPage\",\"@id\":\"https:\/\/www.polimetal.it\/sviluppiamo-il-tuo-impianto\/\",\"url\":\"https:\/\/www.polimetal.it\/sviluppiamo-il-tuo-impianto\/\",\"name\":\"Realizaci\u00f3n de instalaciones de vi\u00f1edo en espaldera o cortina simple - Polimetal\",\"isPartOf\":{\"@id\":\"https:\/\/www.polimetal.it\/#website\"},\"primaryImageOfPage\":{\"@id\":\"https:\/\/www.polimetal.it\/sviluppiamo-il-tuo-impianto\/#primaryimage\"},\"image\":{\"@id\":\"https:\/\/www.polimetal.it\/sviluppiamo-il-tuo-impianto\/#primaryimage\"},\"thumbnailUrl\":\"https:\/\/www.polimetal.it\/wp-content\/uploads\/2017\/11\/impianti.png\",\"datePublished\":\"2017-11-13T09:06:59+00:00\",\"dateModified\":\"2018-09-21T11:00:28+00:00\",\"description\":\"Realizamos instalaciones de vi\u00f1edo en espaldera o cortina simple, proporcionando asesoramiento y accesorios para viticultura. Desarrollamos tu instalaci\u00f3n: contacta con nosotros.\",\"breadcrumb\":{\"@id\":\"https:\/\/www.polimetal.it\/sviluppiamo-il-tuo-impianto\/#breadcrumb\"},\"inLanguage\":\"es\",\"potentialAction\":[{\"@type\":\"ReadAction\",\"target\":[\"https:\/\/www.polimetal.it\/sviluppiamo-il-tuo-impianto\/\"]}]},{\"@type\":\"ImageObject\",\"inLanguage\":\"es\",\"@id\":\"https:\/\/www.polimetal.it\/sviluppiamo-il-tuo-impianto\/#primaryimage\",\"url\":\"https:\/\/www.polimetal.it\/wp-content\/uploads\/2017\/11\/impianti.png\",\"contentUrl\":\"https:\/\/www.polimetal.it\/wp-content\/uploads\/2017\/11\/impianti.png\",\"width\":550,\"height\":300,\"caption\":\"Pali per viticoltura: impianti\"},{\"@type\":\"BreadcrumbList\",\"@id\":\"https:\/\/www.polimetal.it\/sviluppiamo-il-tuo-impianto\/#breadcrumb\",\"itemListElement\":[{\"@type\":\"ListItem\",\"position\":1,\"name\":\"Home\",\"item\":\"https:\/\/www.polimetal.it\/\"},{\"@type\":\"ListItem\",\"position\":2,\"name\":\"Desarrollamos tu instalaci\u00f3n\"}]},{\"@type\":\"WebSite\",\"@id\":\"https:\/\/www.polimetal.it\/#website\",\"url\":\"https:\/\/www.polimetal.it\/\",\"name\":\"Polimetal\",\"description\":\"pali per vigneto e accessori per vigneto\",\"potentialAction\":[{\"@type\":\"SearchAction\",\"target\":{\"@type\":\"EntryPoint\",\"urlTemplate\":\"https:\/\/www.polimetal.it\/?s={search_term_string}\"},\"query-input\":{\"@type\":\"PropertyValueSpecification\",\"valueRequired\":true,\"valueName\":\"search_term_string\"}}],\"inLanguage\":\"es\"}]}<\/script>\n<!-- \/ Yoast SEO plugin. -->","yoast_head_json":{"title":"Realizaci\u00f3n de instalaciones de vi\u00f1edo en espaldera o cortina simple - Polimetal","description":"Realizamos instalaciones de vi\u00f1edo en espaldera o cortina simple, proporcionando asesoramiento y accesorios para viticultura. Desarrollamos tu instalaci\u00f3n: contacta con nosotros.","robots":{"index":"index","follow":"follow","max-snippet":"max-snippet:-1","max-image-preview":"max-image-preview:large","max-video-preview":"max-video-preview:-1"},"canonical":"https:\/\/www.polimetal.it\/es\/wp-json\/wp\/v2\/pages\/1765","og_locale":"es_ES","og_type":"article","og_title":"Realizaci\u00f3n de instalaciones de vi\u00f1edo en espaldera o cortina simple - Polimetal","og_description":"Realizamos instalaciones de vi\u00f1edo en espaldera o cortina simple, proporcionando asesoramiento y accesorios para viticultura. Desarrollamos tu instalaci\u00f3n: contacta con nosotros.","og_url":"https:\/\/www.polimetal.it\/sviluppiamo-il-tuo-impianto\/","og_site_name":"Polimetal","article_modified_time":"2018-09-21T11:00:28+00:00","og_image":[{"width":550,"height":300,"url":"https:\/\/www.polimetal.it\/wp-content\/uploads\/2017\/11\/impianti.png","type":"image\/png"}],"twitter_card":"summary_large_image","twitter_misc":{"Tiempo de lectura":"1 minuto"},"schema":{"@context":"https:\/\/schema.org","@graph":[{"@type":"WebPage","@id":"https:\/\/www.polimetal.it\/sviluppiamo-il-tuo-impianto\/","url":"https:\/\/www.polimetal.it\/sviluppiamo-il-tuo-impianto\/","name":"Realizaci\u00f3n de instalaciones de vi\u00f1edo en espaldera o cortina simple - Polimetal","isPartOf":{"@id":"https:\/\/www.polimetal.it\/#website"},"primaryImageOfPage":{"@id":"https:\/\/www.polimetal.it\/sviluppiamo-il-tuo-impianto\/#primaryimage"},"image":{"@id":"https:\/\/www.polimetal.it\/sviluppiamo-il-tuo-impianto\/#primaryimage"},"thumbnailUrl":"https:\/\/www.polimetal.it\/wp-content\/uploads\/2017\/11\/impianti.png","datePublished":"2017-11-13T09:06:59+00:00","dateModified":"2018-09-21T11:00:28+00:00","description":"Realizamos instalaciones de vi\u00f1edo en espaldera o cortina simple, proporcionando asesoramiento y accesorios para viticultura. Desarrollamos tu instalaci\u00f3n: contacta con nosotros.","breadcrumb":{"@id":"https:\/\/www.polimetal.it\/sviluppiamo-il-tuo-impianto\/#breadcrumb"},"inLanguage":"es","potentialAction":[{"@type":"ReadAction","target":["https:\/\/www.polimetal.it\/sviluppiamo-il-tuo-impianto\/"]}]},{"@type":"ImageObject","inLanguage":"es","@id":"https:\/\/www.polimetal.it\/sviluppiamo-il-tuo-impianto\/#primaryimage","url":"https:\/\/www.polimetal.it\/wp-content\/uploads\/2017\/11\/impianti.png","contentUrl":"https:\/\/www.polimetal.it\/wp-content\/uploads\/2017\/11\/impianti.png","width":550,"height":300,"caption":"Pali per viticoltura: impianti"},{"@type":"BreadcrumbList","@id":"https:\/\/www.polimetal.it\/sviluppiamo-il-tuo-impianto\/#breadcrumb","itemListElement":[{"@type":"ListItem","position":1,"name":"Home","item":"https:\/\/www.polimetal.it\/"},{"@type":"ListItem","position":2,"name":"Desarrollamos tu instalaci\u00f3n"}]},{"@type":"WebSite","@id":"https:\/\/www.polimetal.it\/#website","url":"https:\/\/www.polimetal.it\/","name":"Polimetal","description":"pali per vigneto e accessori per vigneto","potentialAction":[{"@type":"SearchAction","target":{"@type":"EntryPoint","urlTemplate":"https:\/\/www.polimetal.it\/?s={search_term_string}"},"query-input":{"@type":"PropertyValueSpecification","valueRequired":true,"valueName":"search_term_string"}}],"inLanguage":"es"}]}},"_links":{"self":[{"href":"https:\/\/www.polimetal.it\/es\/wp-json\/wp\/v2\/pages\/1765","targetHints":{"allow":["GET"]}}],"collection":[{"href":"https:\/\/www.polimetal.it\/es\/wp-json\/wp\/v2\/pages"}],"about":[{"href":"https:\/\/www.polimetal.it\/es\/wp-json\/wp\/v2\/types\/page"}],"author":[{"embeddable":true,"href":"https:\/\/www.polimetal.it\/es\/wp-json\/wp\/v2\/users\/1"}],"replies":[{"embeddable":true,"href":"https:\/\/www.polimetal.it\/es\/wp-json\/wp\/v2\/comments?post=1765"}],"version-history":[{"count":5,"href":"https:\/\/www.polimetal.it\/es\/wp-json\/wp\/v2\/pages\/1765\/revisions"}],"predecessor-version":[{"id":2340,"href":"https:\/\/www.polimetal.it\/es\/wp-json\/wp\/v2\/pages\/1765\/revisions\/2340"}],"wp:featuredmedia":[{"embeddable":true,"href":"https:\/\/www.polimetal.it\/es\/wp-json\/wp\/v2\/media\/996"}],"wp:attachment":[{"href":"https:\/\/www.polimetal.it\/es\/wp-json\/wp\/v2\/media?parent=1765"}],"curies":[{"name":"wp","href":"https:\/\/api.w.org\/{rel}","templated":true}]}}